{"id":730,"date":"2020-03-18T12:23:05","date_gmt":"2020-03-18T12:23:05","guid":{"rendered":"https:\/\/tristero.qodeinteractive.com\/?page_id=730"},"modified":"2024-04-12T14:19:42","modified_gmt":"2024-04-12T14:19:42","slug":"right-sidebar","status":"publish","type":"page","link":"https:\/\/true-ink.fr\/?page_id=730","title":{"rendered":"Actualit\u00e9s"},"content":{"rendered":"\t\t<div data-elementor-type=\"wp-page\" data-elementor-id=\"730\" class=\"elementor elementor-730\" data-elementor-post-type=\"page\">\n\t\t\t\t\t\t\t\t\t<section class=\"elementor-section elementor-top-section elementor-element elementor-element-8e9757e elementor-section-boxed elementor-section-height-default elementor-section-height-default qodef-elementor-content-no\" data-id=\"8e9757e\" data-element_type=\"section\">\n\t\t\t\t\t\t<div class=\"elementor-container elementor-column-gap-default\">\n\t\t\t\t\t<div class=\"elementor-column elementor-col-100 elementor-top-column elementor-element elementor-element-ef2c965\" data-id=\"ef2c965\" data-element_type=\"column\">\n\t\t\t<div class=\"elementor-widget-wrap elementor-element-populated\">\n\t\t\t\t\t\t\t\t<div class=\"elementor-element elementor-element-f779bf2 elementor-widget elementor-widget-wp-widget-tristero_core_blog_list\" data-id=\"f779bf2\" data-element_type=\"widget\" data-widget_type=\"wp-widget-tristero_core_blog_list.default\">\n\t\t\t\t<div class=\"elementor-widget-container\">\n\t\t\t<div class=\"qodef-shortcode qodef-m  qodef-blog qodef--list qodef-item-layout--standard qodef-grid qodef-layout--columns  qodef-gutter--normal qodef-col-num--1 qodef-item-layout--standard qodef-pagination--on qodef-pagination-type--standard qodef-responsive--predefined\" data-options=\"{&quot;plugin&quot;:&quot;tristero_core&quot;,&quot;module&quot;:&quot;blog\\\/shortcodes&quot;,&quot;shortcode&quot;:&quot;blog-list&quot;,&quot;post_type&quot;:&quot;post&quot;,&quot;next_page&quot;:&quot;2&quot;,&quot;max_pages_num&quot;:1,&quot;behavior&quot;:&quot;columns&quot;,&quot;images_proportion&quot;:&quot;full&quot;,&quot;columns&quot;:&quot;1&quot;,&quot;columns_responsive&quot;:&quot;predefined&quot;,&quot;columns_1440&quot;:&quot;3&quot;,&quot;columns_1366&quot;:&quot;3&quot;,&quot;columns_1024&quot;:&quot;3&quot;,&quot;columns_768&quot;:&quot;3&quot;,&quot;columns_680&quot;:&quot;3&quot;,&quot;columns_480&quot;:&quot;3&quot;,&quot;space&quot;:&quot;normal&quot;,&quot;posts_per_page&quot;:&quot;5&quot;,&quot;orderby&quot;:&quot;ID&quot;,&quot;order&quot;:&quot;ASC&quot;,&quot;additional_params&quot;:&quot;id&quot;,&quot;post_ids&quot;:&quot;831, 958, 972,5299&quot;,&quot;tax&quot;:&quot;category&quot;,&quot;layout&quot;:&quot;standard&quot;,&quot;title_tag&quot;:&quot;h3&quot;,&quot;excerpt_length&quot;:&quot;350&quot;,&quot;pagination_type&quot;:&quot;standard&quot;,&quot;object_class_name&quot;:&quot;TristeroCoreBlogListShortcode&quot;,&quot;taxonomy_filter&quot;:&quot;category&quot;,&quot;additional_query_args&quot;:{&quot;orderby&quot;:&quot;post__in&quot;,&quot;post__in&quot;:[&quot;831&quot;,&quot; 958&quot;,&quot; 972&quot;,&quot;5299&quot;]},&quot;space_value&quot;:15}\">\n\t\t<div class=\"qodef-grid-inner clear\">\n\t\t<article class=\"qodef-e qodef-grid-item qodef-item--full post-831 post type-post status-publish format-standard has-post-thumbnail hentry category-photography\">\n\t<div class=\"qodef-e-inner\">\n\t\t<div class=\"qodef-e-media\">\n    \t<div class=\"qodef-e-media-image\">\n\t\t<a itemprop=\"url\" href=\"https:\/\/true-ink.fr\/?p=831\">\n\t\t\t<img loading=\"lazy\" decoding=\"async\" width=\"1300\" height=\"807\" src=\"https:\/\/true-ink.fr\/wp-content\/uploads\/2020\/03\/h1-post-img-1-2.jpg\" class=\"attachment-full size-full\" alt=\"a\" srcset=\"https:\/\/true-ink.fr\/wp-content\/uploads\/2020\/03\/h1-post-img-1-2.jpg 1300w, https:\/\/true-ink.fr\/wp-content\/uploads\/2020\/03\/h1-post-img-1-2-600x372.jpg 600w, https:\/\/true-ink.fr\/wp-content\/uploads\/2020\/03\/h1-post-img-1-2-300x186.jpg 300w, https:\/\/true-ink.fr\/wp-content\/uploads\/2020\/03\/h1-post-img-1-2-1024x636.jpg 1024w, https:\/\/true-ink.fr\/wp-content\/uploads\/2020\/03\/h1-post-img-1-2-768x477.jpg 768w\" sizes=\"auto, (max-width: 1300px) 100vw, 1300px\" \/>\t\t<\/a>\n\t<\/div>\n<\/div>\t\t<div class=\"qodef-e-content\">\n\t\t\t<div class=\"qodef-e-info qodef-info--top\">\n\t\t\t\t<div itemprop=\"dateCreated\" class=\"qodef-e-info-item qodef-e-info-date entry-date \">\n\t<a itemprop=\"url\" href=\"https:\/\/true-ink.fr\/?m=202404\">avril 5, 2024<\/a>\n\t<meta itemprop=\"interactionCount\" content=\"UserComments: 0\"\/>\n<\/div>\t\t\t<\/div>\n\t\t\t<div class=\"qodef-e-text\">\n\t\t\t\t<h3 itemprop=\"name\" class=\"qodef-e-title entry-title\">\n\t\t\t<a itemprop=\"url\" class=\"qodef-e-title-link\" href=\"https:\/\/true-ink.fr\/?p=831\">\n\t\t\ttatoueur en guest du 15 au 27 avril 2024\t\t\t<\/a>\n\t<\/h3>\t\t<p itemprop=\"description\" class=\"qodef-e-excerpt\">\n\t\t\tNous sommes ravis d\u2019annoncer qu\u2019entre le 15 et le 27 avril 2024, notre salon de tatouage aura l\u2019honneur d\u2019accueillir un artiste...\t\t<\/p>\n\t\t\t\t<\/div>\n\t\t\t<div class=\"qodef-e-info qodef-info--bottom\">\n\t\t\t\t<div class=\"qodef-e-info-left\">\n\t\t\t\t\t\t<div class=\"qodef-e-read-more\">\n\t\t<a class=\"qodef-shortcode qodef-m  qodef-button qodef-layout--textual  qodef-html--link\" href=\"https:\/\/true-ink.fr\/?p=831\" target=\"_self\"  >\t<span class=\"qodef-m-text\">Lire plus<\/span><\/a>\t<\/div>\n\t\t\t\t<\/div>\n                                    <div class=\"qodef-e-info-right\">\n                        <div class=\"qodef-shortcode qodef-m  qodef-social-share clear qodef-layout--text \">\t\t<ul class=\"qodef-shortcode-list\">\t\t<li class=\"qodef-facebook-share\">\t<a itemprop=\"url\" class=\"qodef-share-link\" href=\"#\" onclick=\"window.open(&#039;https:\/\/www.facebook.com\/sharer.php?u=https%3A%2F%2Ftrue-ink.fr%2F%3Fp%3D831&#039;, &#039;sharer&#039;, &#039;toolbar=0,status=0,width=620,height=280&#039;);\">\t \t\t \t    <span class=\"qodef-social-network-text\">fb<\/span>\t\t\t<\/a><\/li><li class=\"qodef-twitter-share\">\t<a itemprop=\"url\" class=\"qodef-share-link\" href=\"#\" onclick=\"window.open(&#039;https:\/\/twitter.com\/intent\/tweet?text=Nous+sommes+ravis+d%E2%80%99annoncer+qu%E2%80%99entre+le+15+et+le+27+avril+2024%2C+notre+salon+de+tatouage+aura+l%E2%80%99honneur++via+%40https:\/\/true-ink.fr\/?p=831&#039;, &#039;popupwindow&#039;, &#039;scrollbars=yes,width=800,height=400&#039;);\">\t \t\t \t    <span class=\"qodef-social-network-text\">tw<\/span>\t\t\t<\/a><\/li><li class=\"qodef-linkedin-share\">\t<a itemprop=\"url\" class=\"qodef-share-link\" href=\"#\" onclick=\"popUp=window.open(&#039;https:\/\/linkedin.com\/shareArticle?mini=true&amp;url=https%3A%2F%2Ftrue-ink.fr%2F%3Fp%3D831&amp;title=tatoueur+en+guest+du+15+au+27+avril+2024&#039;, &#039;popupwindow&#039;, &#039;scrollbars=yes,width=800,height=400&#039;);popUp.focus();return false;\">\t \t\t \t    <span class=\"qodef-social-network-text\">ln<\/span>\t\t\t<\/a><\/li><li class=\"qodef-pinterest-share\">\t<a itemprop=\"url\" class=\"qodef-share-link\" href=\"#\" onclick=\"popUp=window.open(&#039;https:\/\/pinterest.com\/pin\/create\/button\/?url=https%3A%2F%2Ftrue-ink.fr%2F%3Fp%3D831&amp;description=tatoueur+en+guest+du+15+au+27+avril+2024&amp;media=https%3A%2F%2Ftrue-ink.fr%2Fwp-content%2Fuploads%2F2020%2F03%2Fpost-4-featured-img.jpg&#039;, &#039;popupwindow&#039;, &#039;scrollbars=yes,width=800,height=400&#039;);popUp.focus();return false;\">\t \t\t \t    <span class=\"qodef-social-network-text\">pin<\/span>\t\t\t<\/a><\/li>\t<\/ul><\/div>                    <\/div>\n                \t\t\t<\/div>\n\t\t<\/div>\n\t<\/div>\n<\/article><article class=\"qodef-e qodef-grid-item qodef-item--full post-972 post type-post status-publish format-video has-post-thumbnail hentry category-photography post_format-post-format-video\">\n\t<div class=\"qodef-e-inner\">\n\t\t<div class=\"qodef-e-media\">\n    <iframe loading=\"lazy\" title=\"Tattoo\" src=\"https:\/\/player.vimeo.com\/video\/17724962?dnt=1&amp;app_id=122963\" width=\"1280\" height=\"720\" frameborder=\"0\" allow=\"autoplay; fullscreen; picture-in-picture; clipboard-write; encrypted-media; web-share\" referrerpolicy=\"strict-origin-when-cross-origin\"><\/iframe><\/div>\t\t<div class=\"qodef-e-content\">\n\t\t\t<div class=\"qodef-e-info qodef-info--top\">\n\t\t\t\t<div itemprop=\"dateCreated\" class=\"qodef-e-info-item qodef-e-info-date entry-date \">\n\t<a itemprop=\"url\" href=\"https:\/\/true-ink.fr\/?m=202404\">avril 5, 2024<\/a>\n\t<meta itemprop=\"interactionCount\" content=\"UserComments: 0\"\/>\n<\/div>\t\t\t<\/div>\n\t\t\t<div class=\"qodef-e-text\">\n\t\t\t\t<h3 itemprop=\"name\" class=\"qodef-e-title entry-title\">\n\t\t\t<a itemprop=\"url\" class=\"qodef-e-title-link\" href=\"https:\/\/true-ink.fr\/?p=972\">\n\t\t\tmat\u00e9riel de tatouage en vente sur place directement au salon\t\t\t<\/a>\n\t<\/h3>\t\t<p itemprop=\"description\" class=\"qodef-e-excerpt\">\n\t\t\tDans l\u2019univers en constante \u00e9volution du tatouage, l\u2019acc\u00e8s \u00e0 un mat\u00e9riel de qualit\u00e9 sup\u00e9rieure est essentiel pour garantir...\t\t<\/p>\n\t\t\t\t<\/div>\n\t\t\t<div class=\"qodef-e-info qodef-info--bottom\">\n\t\t\t\t<div class=\"qodef-e-info-left\">\n\t\t\t\t\t\t<div class=\"qodef-e-read-more\">\n\t\t<a class=\"qodef-shortcode qodef-m  qodef-button qodef-layout--textual  qodef-html--link\" href=\"https:\/\/true-ink.fr\/?p=972\" target=\"_self\"  >\t<span class=\"qodef-m-text\">Lire plus<\/span><\/a>\t<\/div>\n\t\t\t\t<\/div>\n                                    <div class=\"qodef-e-info-right\">\n                        <div class=\"qodef-shortcode qodef-m  qodef-social-share clear qodef-layout--text \">\t\t<ul class=\"qodef-shortcode-list\">\t\t<li class=\"qodef-facebook-share\">\t<a itemprop=\"url\" class=\"qodef-share-link\" href=\"#\" onclick=\"window.open(&#039;https:\/\/www.facebook.com\/sharer.php?u=https%3A%2F%2Ftrue-ink.fr%2F%3Fp%3D972&#039;, &#039;sharer&#039;, &#039;toolbar=0,status=0,width=620,height=280&#039;);\">\t \t\t \t    <span class=\"qodef-social-network-text\">fb<\/span>\t\t\t<\/a><\/li><li class=\"qodef-twitter-share\">\t<a itemprop=\"url\" class=\"qodef-share-link\" href=\"#\" onclick=\"window.open(&#039;https:\/\/twitter.com\/intent\/tweet?text=Dans+l%E2%80%99univers+en+constante+%C3%A9volution+du+tatouage%2C+l%E2%80%99acc%C3%A8s+%C3%A0+un+mat%C3%A9riel+de+qualit%C3%A9+sup%C3%A9rieure+est+essentiel++via+%40https:\/\/true-ink.fr\/?p=972&#039;, &#039;popupwindow&#039;, &#039;scrollbars=yes,width=800,height=400&#039;);\">\t \t\t \t    <span class=\"qodef-social-network-text\">tw<\/span>\t\t\t<\/a><\/li><li class=\"qodef-linkedin-share\">\t<a itemprop=\"url\" class=\"qodef-share-link\" href=\"#\" onclick=\"popUp=window.open(&#039;https:\/\/linkedin.com\/shareArticle?mini=true&amp;url=https%3A%2F%2Ftrue-ink.fr%2F%3Fp%3D972&amp;title=mat%C3%A9riel+de+tatouage+en+vente+sur+place+directement+au+salon&#039;, &#039;popupwindow&#039;, &#039;scrollbars=yes,width=800,height=400&#039;);popUp.focus();return false;\">\t \t\t \t    <span class=\"qodef-social-network-text\">ln<\/span>\t\t\t<\/a><\/li><li class=\"qodef-pinterest-share\">\t<a itemprop=\"url\" class=\"qodef-share-link\" href=\"#\" onclick=\"popUp=window.open(&#039;https:\/\/pinterest.com\/pin\/create\/button\/?url=https%3A%2F%2Ftrue-ink.fr%2F%3Fp%3D972&amp;description=mat%C3%A9riel+de+tatouage+en+vente+sur+place+directement+au+salon&amp;media=https%3A%2F%2Ftrue-ink.fr%2Fwp-content%2Fuploads%2F2020%2F03%2Fpost-3-featured-img.jpg&#039;, &#039;popupwindow&#039;, &#039;scrollbars=yes,width=800,height=400&#039;);popUp.focus();return false;\">\t \t\t \t    <span class=\"qodef-social-network-text\">pin<\/span>\t\t\t<\/a><\/li>\t<\/ul><\/div>                    <\/div>\n                \t\t\t<\/div>\n\t\t<\/div>\n\t<\/div>\n<\/article><article class=\"qodef-e qodef-grid-item qodef-item--full post-5299 post type-post status-publish format-standard has-post-thumbnail hentry category-photography\">\n\t<div class=\"qodef-e-inner\">\n\t\t<div class=\"qodef-e-media\">\n    \t<div class=\"qodef-e-media-image\">\n\t\t<a itemprop=\"url\" href=\"https:\/\/true-ink.fr\/?p=5299\">\n\t\t\t<img loading=\"lazy\" decoding=\"async\" width=\"1300\" height=\"807\" src=\"https:\/\/true-ink.fr\/wp-content\/uploads\/2024\/04\/h1-post-img-3-1-1.jpg\" class=\"attachment-full size-full\" alt=\"\" srcset=\"https:\/\/true-ink.fr\/wp-content\/uploads\/2024\/04\/h1-post-img-3-1-1.jpg 1300w, https:\/\/true-ink.fr\/wp-content\/uploads\/2024\/04\/h1-post-img-3-1-1-300x186.jpg 300w, https:\/\/true-ink.fr\/wp-content\/uploads\/2024\/04\/h1-post-img-3-1-1-1024x636.jpg 1024w, https:\/\/true-ink.fr\/wp-content\/uploads\/2024\/04\/h1-post-img-3-1-1-768x477.jpg 768w, https:\/\/true-ink.fr\/wp-content\/uploads\/2024\/04\/h1-post-img-3-1-1-600x372.jpg 600w\" sizes=\"auto, (max-width: 1300px) 100vw, 1300px\" \/>\t\t<\/a>\n\t<\/div>\n<\/div>\t\t<div class=\"qodef-e-content\">\n\t\t\t<div class=\"qodef-e-info qodef-info--top\">\n\t\t\t\t<div itemprop=\"dateCreated\" class=\"qodef-e-info-item qodef-e-info-date entry-date \">\n\t<a itemprop=\"url\" href=\"https:\/\/true-ink.fr\/?m=202404\">avril 10, 2024<\/a>\n\t<meta itemprop=\"interactionCount\" content=\"UserComments: 0\"\/>\n<\/div>\t\t\t<\/div>\n\t\t\t<div class=\"qodef-e-text\">\n\t\t\t\t<h3 itemprop=\"name\" class=\"qodef-e-title entry-title\">\n\t\t\t<a itemprop=\"url\" class=\"qodef-e-title-link\" href=\"https:\/\/true-ink.fr\/?p=5299\">\n\t\t\tCaribean Tattoo Convention\t\t\t<\/a>\n\t<\/h3>\t\t<p itemprop=\"description\" class=\"qodef-e-excerpt\">\n\t\t\tSuite \u00e0 l'immense succ\u00e8s de la premi\u00e8re \u00e9dition avec une participation record d'une quarantaine d'artistes, le c\u00e9l\u00e8bre Badjo d\u00e9cide de mettre la barre encore plus haute en recevant d\u2019avantage de stars venus du monde entier.\nDu 5 au 7 juillet, la Guadeloupe sera l'\u00e9picentre de l'\u00e9lite internationale du tatouage. \t\t<\/p>\n\t\t\t\t<\/div>\n\t\t\t<div class=\"qodef-e-info qodef-info--bottom\">\n\t\t\t\t<div class=\"qodef-e-info-left\">\n\t\t\t\t\t\t<div class=\"qodef-e-read-more\">\n\t\t<a class=\"qodef-shortcode qodef-m  qodef-button qodef-layout--textual  qodef-html--link\" href=\"https:\/\/true-ink.fr\/?p=5299\" target=\"_self\"  >\t<span class=\"qodef-m-text\">Lire plus<\/span><\/a>\t<\/div>\n\t\t\t\t<\/div>\n                                    <div class=\"qodef-e-info-right\">\n                        <div class=\"qodef-shortcode qodef-m  qodef-social-share clear qodef-layout--text \">\t\t<ul class=\"qodef-shortcode-list\">\t\t<li class=\"qodef-facebook-share\">\t<a itemprop=\"url\" class=\"qodef-share-link\" href=\"#\" onclick=\"window.open(&#039;https:\/\/www.facebook.com\/sharer.php?u=https%3A%2F%2Ftrue-ink.fr%2F%3Fp%3D5299&#039;, &#039;sharer&#039;, &#039;toolbar=0,status=0,width=620,height=280&#039;);\">\t \t\t \t    <span class=\"qodef-social-network-text\">fb<\/span>\t\t\t<\/a><\/li><li class=\"qodef-twitter-share\">\t<a itemprop=\"url\" class=\"qodef-share-link\" href=\"#\" onclick=\"window.open(&#039;https:\/\/twitter.com\/intent\/tweet?text=Suite+%C3%A0+l%26%23039%3Bimmense+succ%C3%A8s+de+la+premi%C3%A8re+%C3%A9dition+avec+une+participation+record+d%26%23039%3Bune+quarantaine++via+%40https:\/\/true-ink.fr\/?p=5299&#039;, &#039;popupwindow&#039;, &#039;scrollbars=yes,width=800,height=400&#039;);\">\t \t\t \t    <span class=\"qodef-social-network-text\">tw<\/span>\t\t\t<\/a><\/li><li class=\"qodef-linkedin-share\">\t<a itemprop=\"url\" class=\"qodef-share-link\" href=\"#\" onclick=\"popUp=window.open(&#039;https:\/\/linkedin.com\/shareArticle?mini=true&amp;url=https%3A%2F%2Ftrue-ink.fr%2F%3Fp%3D5299&amp;title=Caribean+Tattoo+Convention&#039;, &#039;popupwindow&#039;, &#039;scrollbars=yes,width=800,height=400&#039;);popUp.focus();return false;\">\t \t\t \t    <span class=\"qodef-social-network-text\">ln<\/span>\t\t\t<\/a><\/li><li class=\"qodef-pinterest-share\">\t<a itemprop=\"url\" class=\"qodef-share-link\" href=\"#\" onclick=\"popUp=window.open(&#039;https:\/\/pinterest.com\/pin\/create\/button\/?url=https%3A%2F%2Ftrue-ink.fr%2F%3Fp%3D5299&amp;description=Caribean+Tattoo+Convention&amp;media=https%3A%2F%2Ftrue-ink.fr%2Fwp-content%2Fuploads%2F2024%2F04%2Fcaribe888ann.png&#039;, &#039;popupwindow&#039;, &#039;scrollbars=yes,width=800,height=400&#039;);popUp.focus();return false;\">\t \t\t \t    <span class=\"qodef-social-network-text\">pin<\/span>\t\t\t<\/a><\/li>\t<\/ul><\/div>                    <\/div>\n                \t\t\t<\/div>\n\t\t<\/div>\n\t<\/div>\n<\/article>\t<\/div>\n\t<\/div>\t\t<\/div>\n\t\t\t\t<\/div>\n\t\t\t\t\t<\/div>\n\t\t<\/div>\n\t\t\t\t\t\t\t<\/div>\n\t\t<\/section>\n\t\t\t\t\t\t\t<\/div>\n\t\t","protected":false},"excerpt":{"rendered":"","protected":false},"author":1,"featured_media":0,"parent":736,"menu_order":0,"comment_status":"closed","ping_status":"closed","template":"","meta":{"footnotes":""},"class_list":["post-730","page","type-page","status-publish","hentry"],"_links":{"self":[{"href":"https:\/\/true-ink.fr\/index.php?rest_route=\/wp\/v2\/pages\/730","targetHints":{"allow":["GET"]}}],"collection":[{"href":"https:\/\/true-ink.fr\/index.php?rest_route=\/wp\/v2\/pages"}],"about":[{"href":"https:\/\/true-ink.fr\/index.php?rest_route=\/wp\/v2\/types\/page"}],"author":[{"embeddable":true,"href":"https:\/\/true-ink.fr\/index.php?rest_route=\/wp\/v2\/users\/1"}],"replies":[{"embeddable":true,"href":"https:\/\/true-ink.fr\/index.php?rest_route=%2Fwp%2Fv2%2Fcomments&post=730"}],"version-history":[{"count":7,"href":"https:\/\/true-ink.fr\/index.php?rest_route=\/wp\/v2\/pages\/730\/revisions"}],"predecessor-version":[{"id":5497,"href":"https:\/\/true-ink.fr\/index.php?rest_route=\/wp\/v2\/pages\/730\/revisions\/5497"}],"up":[{"embeddable":true,"href":"https:\/\/true-ink.fr\/index.php?rest_route=\/wp\/v2\/pages\/736"}],"wp:attachment":[{"href":"https:\/\/true-ink.fr\/index.php?rest_route=%2Fwp%2Fv2%2Fmedia&parent=730"}],"curies":[{"name":"wp","href":"https:\/\/api.w.org\/{rel}","templated":true}]}}